{"id":1240,"date":"2021-05-04T10:18:16","date_gmt":"2021-05-04T14:18:16","guid":{"rendered":"https:\/\/mliin.wpengine.com\/?page_id=1240"},"modified":"2021-11-30T15:57:26","modified_gmt":"2021-11-30T20:57:26","slug":"landscape-design-consultation-projects","status":"publish","type":"page","link":"https:\/\/mli-in.com\/es\/landscape-design-consultation-projects\/","title":{"rendered":"Proyectos de consultor\u00eda y dise\u00f1o paisaj\u00edstico"},"content":{"rendered":"<div class=\"fusion-fullwidth fullwidth-box fusion-builder-row-1 fusion-flex-container nonhundred-percent-fullwidth non-hundred-percent-height-scrolling\" style=\"--awb-border-radius-top-left:0px;--awb-border-radius-top-right:0px;--awb-border-radius-bottom-right:0px;--awb-border-radius-bottom-left:0px;--awb-flex-wrap:wrap;\" ><div class=\"fusion-builder-row fusion-row fusion-flex-align-items-flex-start fusion-flex-content-wrap\" style=\"max-width:1064.96px;margin-left: calc(-4% \/ 2 );margin-right: calc(-4% \/ 2 );\"><div class=\"fusion-layout-column fusion_builder_column fusion-builder-column-0 fusion_builder_column_1_1 1_1 fusion-flex-column\" style=\"--awb-bg-size:cover;--awb-width-large:100%;--awb-margin-top-large:0px;--awb-spacing-right-large:1.92%;--awb-margin-bottom-large:100px;--awb-spacing-left-large:1.92%;--awb-width-medium:100%;--awb-order-medium:0;--awb-spacing-right-medium:1.92%;--awb-spacing-left-medium:1.92%;--awb-width-small:100%;--awb-order-small:0;--awb-spacing-right-small:1.92%;--awb-spacing-left-small:1.92%;\"><div class=\"fusion-column-wrapper fusion-column-has-shadow fusion-flex-justify-content-flex-start fusion-content-layout-column\"><nav class=\"awb-menu awb-menu_row awb-menu_em-hover mobile-mode-collapse-to-button awb-menu_icons-left awb-menu_dc-yes mobile-trigger-fullwidth-off awb-menu_mobile-toggle awb-menu_indent-left mobile-size-full-absolute loading mega-menu-loading awb-menu_desktop awb-menu_dropdown awb-menu_expand-right awb-menu_transition-fade\" style=\"--awb-text-transform:none;--awb-gap:20px;--awb-submenu-text-transform:none;--awb-main-justify-content:flex-start;--awb-mobile-justify:flex-start;--awb-mobile-caret-left:auto;--awb-mobile-caret-right:0;--awb-fusion-font-family-typography:inherit;--awb-fusion-font-style-typography:normal;--awb-fusion-font-weight-typography:400;--awb-fusion-font-family-submenu-typography:inherit;--awb-fusion-font-style-submenu-typography:normal;--awb-fusion-font-weight-submenu-typography:400;--awb-fusion-font-family-mobile-typography:inherit;--awb-fusion-font-style-mobile-typography:normal;--awb-fusion-font-weight-mobile-typography:400;\" aria-label=\"Portfolio\" data-breakpoint=\"1024\" data-count=\"0\" data-transition-type=\"fade\" data-transition-time=\"300\" data-expand=\"right\"><button type=\"button\" class=\"awb-menu__m-toggle awb-menu__m-toggle_no-text\" aria-expanded=\"false\" aria-controls=\"menu-portfolio\"><span class=\"awb-menu__m-toggle-inner\"><span class=\"collapsed-nav-text\"><span class=\"screen-reader-text\">Navegaci\u00f3n de palanca<\/span><\/span><span class=\"awb-menu__m-collapse-icon awb-menu__m-collapse-icon_no-text\"><span class=\"awb-menu__m-collapse-icon-open awb-menu__m-collapse-icon-open_no-text fa-bars fas\"><\/span><span class=\"awb-menu__m-collapse-icon-close awb-menu__m-collapse-icon-close_no-text fa-times fas\"><\/span><\/span><\/span><\/button><ul id=\"menu-portfolio\" class=\"fusion-menu awb-menu__main-ul awb-menu__main-ul_row\"><li  id=\"menu-item-1231\"  class=\"menu-item menu-item-type-custom menu-item-object-custom menu-item-1231 awb-menu__li awb-menu__main-li awb-menu__main-li_regular\"  data-item-id=\"1231\"><span class=\"awb-menu__main-background-default awb-menu__main-background-default_fade\"><\/span><span class=\"awb-menu__main-background-active awb-menu__main-background-active_fade\"><\/span><a  href=\"\/es\/projects\/\" class=\"awb-menu__main-a awb-menu__main-a_regular\"><span class=\"menu-text\">Todas<\/span><\/a><\/li><li  id=\"menu-item-1242\"  class=\"menu-item menu-item-type-post_type menu-item-object-page menu-item-1242 awb-menu__li awb-menu__main-li awb-menu__main-li_regular\"  data-item-id=\"1242\"><span class=\"awb-menu__main-background-default awb-menu__main-background-default_fade\"><\/span><span class=\"awb-menu__main-background-active awb-menu__main-background-active_fade\"><\/span><a  href=\"https:\/\/mli-in.com\/es\/landscape-design-consultation-projects\/\" class=\"awb-menu__main-a awb-menu__main-a_regular\"><span class=\"menu-text\">Proyectos de consultor\u00eda y dise\u00f1o paisaj\u00edstico<\/span><\/a><\/li><li  id=\"menu-item-1232\"  class=\"menu-item menu-item-type-post_type menu-item-object-page menu-item-1232 awb-menu__li awb-menu__main-li awb-menu__main-li_regular\"  data-item-id=\"1232\"><span class=\"awb-menu__main-background-default awb-menu__main-background-default_fade\"><\/span><span class=\"awb-menu__main-background-active awb-menu__main-background-active_fade\"><\/span><a  href=\"https:\/\/mli-in.com\/es\/landscape-development-projects\/\" class=\"awb-menu__main-a awb-menu__main-a_regular\"><span class=\"menu-text\">Desarrollo del paisaje<\/span><\/a><\/li><li  id=\"menu-item-1238\"  class=\"menu-item menu-item-type-post_type menu-item-object-page menu-item-1238 awb-menu__li awb-menu__main-li awb-menu__main-li_regular\"  data-item-id=\"1238\"><span class=\"awb-menu__main-background-default awb-menu__main-background-default_fade\"><\/span><span class=\"awb-menu__main-background-active awb-menu__main-background-active_fade\"><\/span><a  href=\"https:\/\/mli-in.com\/es\/landscape-irrigation-snow-management-projects\/\" class=\"awb-menu__main-a awb-menu__main-a_regular\"><span class=\"menu-text\">Gesti\u00f3n del paisaje, el riego y la nieve<\/span><\/a><\/li><\/ul><\/nav><style type=\"text\/css\">.fusion-portfolio-wrapper#fusion-portfolio-1 .fusion-portfolio-content{ padding: 25px 25px 25px 25px; text-align: left; }<\/style><div class=\"fusion-recent-works fusion-portfolio-element fusion-portfolio fusion-portfolio-1 fusion-portfolio-grid fusion-portfolio-paging-load-more-button fusion-portfolio-two fusion-portfolio-boxed fusion-portfolio-text fusion-portfolio-equal-heights\" data-id=\"-rw-1\" data-columns=\"two\"><style type=\"text\/css\">.fusion-portfolio-1 .fusion-portfolio-wrapper .fusion-col-spacing{padding:52.5px;}<\/style><div class=\"fusion-portfolio-wrapper\" id=\"fusion-portfolio-1\" data-picturesize=\"fixed\" data-pages=\"1\" style=\"margin:-52.5px;\"><article id=\"portfolio-1-post-996\" class=\"fusion-portfolio-post landscape-design-consultation fusion-col-spacing post-996\"><div class=\"fusion-portfolio-content-wrapper\" style=\"border:1px solid #f2f3f5;border-bottom-width:3px;background-color:rgba(255,255,255,0);\"><span class=\"vcard rich-snippet-hidden\"><span class=\"fn\"><a href=\"https:\/\/mli-in.com\/es\/author\/theplaidagency\/\" title=\"Entradas de theplaidagency\" rel=\"author\">theplaidagency<\/a><\/span><\/span><span class=\"updated rich-snippet-hidden\">2021-04-29T19: 01: 00-04: 00<\/span><div  class=\"fusion-image-wrapper fusion-image-size-fixed\" aria-haspopup=\"true\">\n\t\t\t\t\t\t\t<a href=\"https:\/\/mli-in.com\/es\/portfolio-items\/wabash-college\/\" aria-label=\"Propiedad residencial\">\n\t\t\t\t\t\t\t<img decoding=\"async\" width=\"460\" height=\"295\" src=\"https:\/\/mli-in.com\/wp-content\/uploads\/2021\/03\/Landscape-Design-and-Consultation-Slider-2-460x295.jpg\" class=\"attachment-portfolio-two size-portfolio-two wp-post-image\" alt=\"Landscape Consultation\" \/>\t\t\t<\/a>\n\t\t\t\t\t\t\t<\/div>\n<div class=\"fusion-portfolio-content\" style=\"background-color:rgba(255,255,255,0);\"><h2 class=\"entry-title fusion-post-title\"><a href=\"https:\/\/mli-in.com\/es\/portfolio-items\/wabash-college\/\">Propiedad residencial<\/a><\/h2><div class=\"fusion-portfolio-meta\"><a href=\"https:\/\/mli-in.com\/es\/portfolio_category\/landscape-design-consultation\/\" rel=\"tag\">Dise\u00f1o de paisaje y consultor\u00eda<\/a><\/div><div class=\"fusion-content-sep sep-single sep-solid\" style=\"border-color:#efefef;\"><\/div><div class=\"fusion-post-content\"><p><strong>Tipo de propiedad:<\/strong> Residencial<br \/>\n<strong>Localizaci\u00f3n:<\/strong> Carmel, IN<br \/>\n<strong>Servicios:<\/strong> Dise\u00f1o \/ Instalaci\u00f3n<\/p>\n<\/div><\/div><\/div><\/article><article id=\"portfolio-1-post-990\" class=\"fusion-portfolio-post landscape-design-consultation fusion-col-spacing post-990\"><div class=\"fusion-portfolio-content-wrapper\" style=\"border:1px solid #f2f3f5;border-bottom-width:3px;background-color:rgba(255,255,255,0);\"><span class=\"vcard rich-snippet-hidden\"><span class=\"fn\"><a href=\"https:\/\/mli-in.com\/es\/author\/theplaidagency\/\" title=\"Entradas de theplaidagency\" rel=\"author\">theplaidagency<\/a><\/span><\/span><span class=\"updated rich-snippet-hidden\">2021-04-29T19: 03: 29-04: 00<\/span><div  class=\"fusion-image-wrapper fusion-image-size-fixed\" aria-haspopup=\"true\">\n\t\t\t\t\t\t\t<a href=\"https:\/\/mli-in.com\/es\/portfolio-items\/iu-health\/\" aria-label=\"Propiedad residencial\">\n\t\t\t\t\t\t\t<img decoding=\"async\" width=\"460\" height=\"295\" src=\"https:\/\/mli-in.com\/wp-content\/uploads\/2021\/04\/Landscape-Development-Slider-2-v2-460x295.jpg\" class=\"attachment-portfolio-two size-portfolio-two wp-post-image\" alt=\"Landscape Consultation\" \/>\t\t\t<\/a>\n\t\t\t\t\t\t\t<\/div>\n<div class=\"fusion-portfolio-content\" style=\"background-color:rgba(255,255,255,0);\"><h2 class=\"entry-title fusion-post-title\"><a href=\"https:\/\/mli-in.com\/es\/portfolio-items\/iu-health\/\">Propiedad residencial<\/a><\/h2><div class=\"fusion-portfolio-meta\"><a href=\"https:\/\/mli-in.com\/es\/portfolio_category\/landscape-design-consultation\/\" rel=\"tag\">Dise\u00f1o de paisaje y consultor\u00eda<\/a><\/div><div class=\"fusion-content-sep sep-single sep-solid\" style=\"border-color:#efefef;\"><\/div><div class=\"fusion-post-content\"><p><strong>Tipo de propiedad:<\/strong> Residencial<br \/>\n<strong>Localizaci\u00f3n:<\/strong> Indian\u00e1polis, IN<br \/>\n<strong>Servicios:<\/strong> Paisajes duros \/ Paisajes blandos \/ Riego \/ Iluminaci\u00f3n<\/p>\n<\/div><\/div><\/div><\/article><\/div><\/div><\/div><\/div><\/div><\/div>","protected":false},"excerpt":{"rendered":"","protected":false},"author":1,"featured_media":0,"parent":0,"menu_order":0,"comment_status":"closed","ping_status":"closed","template":"","meta":{"inline_featured_image":false,"footnotes":""},"class_list":["post-1240","page","type-page","status-publish","hentry"],"yoast_head":"<!-- This site is optimized with the Yoast SEO plugin v27.3 - https:\/\/yoast.com\/product\/yoast-seo-wordpress\/ -->\n<title>Landscape Consultation | Midwest Landscaping Ind. | Services<\/title>\n<meta name=\"description\" content=\"Landscape Consultation is a speciality for MLI. We pride ourselves on expert design and consultation at every project phase.\" \/>\n<meta name=\"robots\" content=\"index, follow, max-snippet:-1, max-image-preview:large, max-video-preview:-1\" \/>\n<link rel=\"canonical\" href=\"https:\/\/mli-in.com\/es\/landscape-design-consultation-projects\/\" \/>\n<meta property=\"og:locale\" content=\"es_MX\" \/>\n<meta property=\"og:type\" content=\"article\" \/>\n<meta property=\"og:title\" content=\"Landscape Consultation | Midwest Landscaping Ind. | Services\" \/>\n<meta property=\"og:description\" content=\"Landscape Consultation is a speciality for MLI. We pride ourselves on expert design and consultation at every project phase.\" \/>\n<meta property=\"og:url\" content=\"https:\/\/mli-in.com\/es\/landscape-design-consultation-projects\/\" \/>\n<meta property=\"og:site_name\" content=\"Midwest Landscape Ind.\" \/>\n<meta property=\"article:modified_time\" content=\"2021-11-30T20:57:26+00:00\" \/>\n<meta name=\"twitter:card\" content=\"summary_large_image\" \/>\n<meta name=\"twitter:label1\" content=\"Tiempo de lectura\" \/>\n\t<meta name=\"twitter:data1\" content=\"5 minutos\" \/>\n<script type=\"application\/ld+json\" class=\"yoast-schema-graph\">{\"@context\":\"https:\\\/\\\/schema.org\",\"@graph\":[{\"@type\":\"WebPage\",\"@id\":\"https:\\\/\\\/mli-in.com\\\/landscape-design-consultation-projects\\\/\",\"url\":\"https:\\\/\\\/mli-in.com\\\/landscape-design-consultation-projects\\\/\",\"name\":\"Landscape Consultation | Midwest Landscaping Ind. | Services\",\"isPartOf\":{\"@id\":\"https:\\\/\\\/mli-in.com\\\/#website\"},\"datePublished\":\"2021-05-04T14:18:16+00:00\",\"dateModified\":\"2021-11-30T20:57:26+00:00\",\"description\":\"Landscape Consultation is a speciality for MLI. We pride ourselves on expert design and consultation at every project phase.\",\"breadcrumb\":{\"@id\":\"https:\\\/\\\/mli-in.com\\\/landscape-design-consultation-projects\\\/#breadcrumb\"},\"inLanguage\":\"es\",\"potentialAction\":[{\"@type\":\"ReadAction\",\"target\":[\"https:\\\/\\\/mli-in.com\\\/landscape-design-consultation-projects\\\/\"]}]},{\"@type\":\"BreadcrumbList\",\"@id\":\"https:\\\/\\\/mli-in.com\\\/landscape-design-consultation-projects\\\/#breadcrumb\",\"itemListElement\":[{\"@type\":\"ListItem\",\"position\":1,\"name\":\"Home\",\"item\":\"https:\\\/\\\/mli-in.com\\\/\"},{\"@type\":\"ListItem\",\"position\":2,\"name\":\"Landscape Design &#038; Consultation Projects\"}]},{\"@type\":\"WebSite\",\"@id\":\"https:\\\/\\\/mli-in.com\\\/#website\",\"url\":\"https:\\\/\\\/mli-in.com\\\/\",\"name\":\"Midwest Landscape Ind.\",\"description\":\"Indianapolis Landscape Design &amp; Development\",\"potentialAction\":[{\"@type\":\"SearchAction\",\"target\":{\"@type\":\"EntryPoint\",\"urlTemplate\":\"https:\\\/\\\/mli-in.com\\\/?s={search_term_string}\"},\"query-input\":{\"@type\":\"PropertyValueSpecification\",\"valueRequired\":true,\"valueName\":\"search_term_string\"}}],\"inLanguage\":\"es\"}]}<\/script>\n<!-- \/ Yoast SEO plugin. -->","yoast_head_json":{"title":"Landscape Consultation | Midwest Landscaping Ind. | Services","description":"Landscape Consultation is a speciality for MLI. We pride ourselves on expert design and consultation at every project phase.","robots":{"index":"index","follow":"follow","max-snippet":"max-snippet:-1","max-image-preview":"max-image-preview:large","max-video-preview":"max-video-preview:-1"},"canonical":"https:\/\/mli-in.com\/es\/landscape-design-consultation-projects\/","og_locale":"es_MX","og_type":"article","og_title":"Landscape Consultation | Midwest Landscaping Ind. | Services","og_description":"Landscape Consultation is a speciality for MLI. We pride ourselves on expert design and consultation at every project phase.","og_url":"https:\/\/mli-in.com\/es\/landscape-design-consultation-projects\/","og_site_name":"Midwest Landscape Ind.","article_modified_time":"2021-11-30T20:57:26+00:00","twitter_card":"summary_large_image","twitter_misc":{"Tiempo de lectura":"5 minutos"},"schema":{"@context":"https:\/\/schema.org","@graph":[{"@type":"WebPage","@id":"https:\/\/mli-in.com\/landscape-design-consultation-projects\/","url":"https:\/\/mli-in.com\/landscape-design-consultation-projects\/","name":"Landscape Consultation | Midwest Landscaping Ind. | Services","isPartOf":{"@id":"https:\/\/mli-in.com\/#website"},"datePublished":"2021-05-04T14:18:16+00:00","dateModified":"2021-11-30T20:57:26+00:00","description":"Landscape Consultation is a speciality for MLI. We pride ourselves on expert design and consultation at every project phase.","breadcrumb":{"@id":"https:\/\/mli-in.com\/landscape-design-consultation-projects\/#breadcrumb"},"inLanguage":"es","potentialAction":[{"@type":"ReadAction","target":["https:\/\/mli-in.com\/landscape-design-consultation-projects\/"]}]},{"@type":"BreadcrumbList","@id":"https:\/\/mli-in.com\/landscape-design-consultation-projects\/#breadcrumb","itemListElement":[{"@type":"ListItem","position":1,"name":"Home","item":"https:\/\/mli-in.com\/"},{"@type":"ListItem","position":2,"name":"Landscape Design &#038; Consultation Projects"}]},{"@type":"WebSite","@id":"https:\/\/mli-in.com\/#website","url":"https:\/\/mli-in.com\/","name":"Midwest Landscape Ind.","description":"Indianapolis Landscape Design &amp; Development","potentialAction":[{"@type":"SearchAction","target":{"@type":"EntryPoint","urlTemplate":"https:\/\/mli-in.com\/?s={search_term_string}"},"query-input":{"@type":"PropertyValueSpecification","valueRequired":true,"valueName":"search_term_string"}}],"inLanguage":"es"}]}},"_links":{"self":[{"href":"https:\/\/mli-in.com\/es\/wp-json\/wp\/v2\/pages\/1240","targetHints":{"allow":["GET"]}}],"collection":[{"href":"https:\/\/mli-in.com\/es\/wp-json\/wp\/v2\/pages"}],"about":[{"href":"https:\/\/mli-in.com\/es\/wp-json\/wp\/v2\/types\/page"}],"author":[{"embeddable":true,"href":"https:\/\/mli-in.com\/es\/wp-json\/wp\/v2\/users\/1"}],"replies":[{"embeddable":true,"href":"https:\/\/mli-in.com\/es\/wp-json\/wp\/v2\/comments?post=1240"}],"version-history":[{"count":0,"href":"https:\/\/mli-in.com\/es\/wp-json\/wp\/v2\/pages\/1240\/revisions"}],"wp:attachment":[{"href":"https:\/\/mli-in.com\/es\/wp-json\/wp\/v2\/media?parent=1240"}],"curies":[{"name":"wp","href":"https:\/\/api.w.org\/{rel}","templated":true}]}}